{"id":142,"date":"2018-09-17T18:53:02","date_gmt":"2018-09-17T18:53:02","guid":{"rendered":"https:\/\/www.globalforumlac.org\/?page_id=142"},"modified":"2018-09-25T19:39:11","modified_gmt":"2018-09-25T19:39:11","slug":"comite-organizador","status":"publish","type":"page","link":"https:\/\/www.globalforumlac.org\/2018\/en\/comite-organizador\/","title":{"rendered":"Organizing Committee"},"content":{"rendered":"<p><strong>Global Foundation for Democracy and Development (GFDD) &amp; Fundaci\u00f3n Global Democracia y Desarrollo (Funglode)<\/strong><br \/>\n<a href=\"https:\/\/www.globalfoundationdd.org\/\" target=\"_blank\" rel=\"noopener\">https:\/\/www.globalfoundationdd.org\/<\/a> | <a href=\"http:\/\/www.funglode.org\/\" target=\"_blank\" rel=\"noopener\">http:\/\/www.funglode.org\/<\/a><\/p>\n<ul>\n<li style=\"width: 100%;\"><strong><img loading=\"lazy\" class=\"alignleft size-full wp-image-198\" src=\"https:\/\/www.globalforumlac.org\/wp-content\/uploads\/2018\/09\/leonel-fernandez-staff.jpg\" alt=\"\" width=\"70\" height=\"70\" \/>Leonel Fern\u00e1ndez<\/strong><br \/>\nFormer President of the Dominican Republic, President of Global Foundation for Democracy and Development (GFDD) and Fundaci\u00f3n Global Democracia y Desarrollo (Funglode)<\/li>\n<li><strong><img loading=\"lazy\" class=\"alignleft size-full wp-image-145\" src=\"https:\/\/www.globalforumlac.org\/wp-content\/uploads\/2018\/09\/staff_natasha.jpg\" alt=\"\" width=\"70\" height=\"70\" \/>Natasha Despotovic<br \/>\n<\/strong>Executive Director<\/li>\n<li><strong><img loading=\"lazy\" class=\"alignleft size-full wp-image-154\" src=\"https:\/\/www.globalforumlac.org\/wp-content\/uploads\/2018\/09\/staff_yamile.jpg\" alt=\"\" width=\"70\" height=\"70\" \/>Yamile Eusebio<br \/>\n<\/strong>Director, New York Office<\/li>\n<li><strong><img loading=\"lazy\" class=\"alignleft size-full wp-image-153\" src=\"https:\/\/www.globalforumlac.org\/wp-content\/uploads\/2018\/09\/staff_semiramis.jpg\" alt=\"\" width=\"70\" height=\"70\" \/>Semiramis de Miranda<br \/>\n<\/strong>Projects and ICT Director<\/li>\n<li><strong><img loading=\"lazy\" class=\"alignleft size-full wp-image-152\" src=\"https:\/\/www.globalforumlac.org\/wp-content\/uploads\/2018\/09\/staff_mariav.jpg\" alt=\"\" width=\"70\" height=\"70\" \/>Maria Victoria Abreu<br \/>\n<\/strong>International Affairs and Socioeconomic Program Manager<\/li>\n<\/ul>\n<p>&nbsp;<\/p>\n<p><strong>International Institute for Democracy and Electoral Assistance (IDEA International)<\/strong><br \/>\n<a href=\"https:\/\/www.idea.int\/\" target=\"_blank\" rel=\"noopener\">https:\/\/www.idea.int\/<\/a><\/p>\n<ul>\n<li><strong><img loading=\"lazy\" class=\"alignleft size-full wp-image-156\" src=\"https:\/\/www.globalforumlac.org\/wp-content\/uploads\/2018\/09\/staff_daniel.jpg\" alt=\"\" width=\"70\" height=\"70\" \/>Daniel Zovatto<br \/>\n<\/strong>Director for Latin America and the Caribbean<\/li>\n<li><strong><img loading=\"lazy\" class=\"alignleft size-full wp-image-157\" src=\"https:\/\/www.globalforumlac.org\/wp-content\/uploads\/2018\/09\/staff_massimo.jpg\" alt=\"\" width=\"70\" height=\"70\" \/>Massimo Tommasoli<br \/>\n<\/strong>Permanent Observer for International IDEA to the United Nations<\/li>\n<li><strong><img loading=\"lazy\" class=\"alignleft size-full wp-image-158\" src=\"https:\/\/www.globalforumlac.org\/wp-content\/uploads\/2018\/09\/staff_khushbu.jpg\" alt=\"\" width=\"70\" height=\"70\" \/>Khushbu Agrawal<br \/>\n<\/strong>Programme Officer<\/li>\n<li><strong><img loading=\"lazy\" class=\"alignleft size-full wp-image-159\" src=\"https:\/\/www.globalforumlac.org\/wp-content\/uploads\/2018\/09\/staff_luis.jpg\" alt=\"\" width=\"70\" height=\"70\" \/>Luis Jose Consuegra<br \/>\n<\/strong>Programme Officer<\/li>\n<li><strong><img loading=\"lazy\" class=\"alignleft size-full wp-image-160\" src=\"https:\/\/www.globalforumlac.org\/wp-content\/uploads\/2018\/09\/staff_kieran.jpg\" alt=\"\" width=\"70\" height=\"70\" \/>Kieran Lettrich<br \/>\n<\/strong>Programme Officer<\/li>\n<\/ul>\n<p>&nbsp;<\/p>\n<p><strong>Institute of Latin American Studies (ILAS), Columbia University<\/strong><br \/>\n<a href=\"http:\/\/ilas.columbia.edu\/\" target=\"_blank\" rel=\"noopener\">http:\/\/ilas.columbia.edu\/<\/a><\/p>\n<ul>\n<li><strong><img loading=\"lazy\" class=\"alignleft size-full wp-image-161\" src=\"https:\/\/www.globalforumlac.org\/wp-content\/uploads\/2018\/09\/staff_jose.jpg\" alt=\"\" width=\"70\" height=\"70\" \/>Jose C. Moya<br \/>\n<\/strong>Director<\/li>\n<\/ul>\n<p>&nbsp;<\/p>\n<p><strong>Comisi\u00f3n Econ\u00f3mica para Am\u00e9rica Latina (CEPAL) \/ ECLAC<\/strong><br \/>\n<a href=\"https:\/\/www.cepal.org\/\" target=\"_blank\" rel=\"noopener\">https:\/\/www.cepal.org\/<\/a><\/p>\n<ul>\n<li><strong><img loading=\"lazy\" class=\"alignleft size-full wp-image-162\" src=\"https:\/\/www.globalforumlac.org\/wp-content\/uploads\/2018\/09\/staff_daniel-t.jpg\" alt=\"\" width=\"70\" height=\"70\" \/>Daniel Titelman<br \/>\n<\/strong>Director of the Economic Development Division<\/li>\n<\/ul>\n<p><\/p>","protected":false},"excerpt":{"rendered":"<p>Global Foundation for Democracy and Development (GFDD) &amp; Fundaci\u00f3n Global Democracia y Desarrollo (Funglode) https:\/\/www.globalfoundationdd.org\/ | http:\/\/www.funglode.org\/ Leonel Fern\u00e1ndez Former President of the Dominican Republic, President of Global Foundation for Democracy and Development (GFDD) and Fundaci\u00f3n Global Democracia y Desarrollo (Funglode) Natasha Despotovic Executive Director Yamile Eusebio Director, New York Office Semiramis de Miranda Projects &hellip; <a href=\"https:\/\/www.globalforumlac.org\/2018\/en\/comite-organizador\/\" class=\"more-link\">Continue reading<span class=\"screen-reader-text\"> &#8220;Organizing Committee&#8221;<\/span><\/a><\/p>\n","protected":false},"author":1,"featured_media":0,"parent":0,"menu_order":0,"comment_status":"closed","ping_status":"closed","template":"page-committee.php","meta":[],"_links":{"self":[{"href":"https:\/\/www.globalforumlac.org\/2018\/en\/wp-json\/wp\/v2\/pages\/142"}],"collection":[{"href":"https:\/\/www.globalforumlac.org\/2018\/en\/wp-json\/wp\/v2\/pages"}],"about":[{"href":"https:\/\/www.globalforumlac.org\/2018\/en\/wp-json\/wp\/v2\/types\/page"}],"author":[{"embeddable":true,"href":"https:\/\/www.globalforumlac.org\/2018\/en\/wp-json\/wp\/v2\/users\/1"}],"replies":[{"embeddable":true,"href":"https:\/\/www.globalforumlac.org\/2018\/en\/wp-json\/wp\/v2\/comments?post=142"}],"version-history":[{"count":11,"href":"https:\/\/www.globalforumlac.org\/2018\/en\/wp-json\/wp\/v2\/pages\/142\/revisions"}],"predecessor-version":[{"id":199,"href":"https:\/\/www.globalforumlac.org\/2018\/en\/wp-json\/wp\/v2\/pages\/142\/revisions\/199"}],"wp:attachment":[{"href":"https:\/\/www.globalforumlac.org\/2018\/en\/wp-json\/wp\/v2\/media?parent=142"}],"curies":[{"name":"wp","href":"https:\/\/api.w.org\/{rel}","templated":true}]}}