{"id":6,"date":"2018-09-03T22:34:32","date_gmt":"2018-09-03T22:34:32","guid":{"rendered":"https:\/\/www.globalforumlac.org\/?page_id=6"},"modified":"2021-08-23T17:19:00","modified_gmt":"2021-08-23T17:19:00","slug":"el-programa","status":"publish","type":"page","link":"https:\/\/www.globalforumlac.org\/2018\/el-programa\/","title":{"rendered":"El Programa"},"content":{"rendered":"<p><span class=\"dwl-program\"><i class=\"material-icons\" style=\"font-size: 15px; color: #deaf01;\">file_download<\/i> <a href=\"https:\/\/www.globalforumlac.org\/2018\/documents\/program-foro-global2018-esp.pdf\" target=\"_blank\" rel=\"noopener noreferrer\">Descargar el programa<\/a><\/span><br \/>\n\t\t<div class=\"wcs-timetable__wrapper\">\r\n\t\t\t<div class=\"wcs-vue\" id=\"wcs-app-1\"><\/div>\r\n\t\t<\/div>\r\n\t\t<\/p>\n<p><i>* El evento ser\u00e1 tanto en Ingl\u00e9s como en Espa\u00f1ol, con traducci\u00f3n simult\u00e1nea.<\/i><\/p>","protected":false},"excerpt":{"rendered":"<p>file_download Descargar el programa * El evento ser\u00e1 tanto en Ingl\u00e9s como en Espa\u00f1ol, con traducci\u00f3n simult\u00e1nea.<\/p>\n","protected":false},"author":1,"featured_media":0,"parent":0,"menu_order":0,"comment_status":"closed","ping_status":"closed","template":"","meta":[],"_links":{"self":[{"href":"https:\/\/www.globalforumlac.org\/2018\/wp-json\/wp\/v2\/pages\/6"}],"collection":[{"href":"https:\/\/www.globalforumlac.org\/2018\/wp-json\/wp\/v2\/pages"}],"about":[{"href":"https:\/\/www.globalforumlac.org\/2018\/wp-json\/wp\/v2\/types\/page"}],"author":[{"embeddable":true,"href":"https:\/\/www.globalforumlac.org\/2018\/wp-json\/wp\/v2\/users\/1"}],"replies":[{"embeddable":true,"href":"https:\/\/www.globalforumlac.org\/2018\/wp-json\/wp\/v2\/comments?post=6"}],"version-history":[{"count":7,"href":"https:\/\/www.globalforumlac.org\/2018\/wp-json\/wp\/v2\/pages\/6\/revisions"}],"predecessor-version":[{"id":612,"href":"https:\/\/www.globalforumlac.org\/2018\/wp-json\/wp\/v2\/pages\/6\/revisions\/612"}],"wp:attachment":[{"href":"https:\/\/www.globalforumlac.org\/2018\/wp-json\/wp\/v2\/media?parent=6"}],"curies":[{"name":"wp","href":"https:\/\/api.w.org\/{rel}","templated":true}]}}