{"id":2,"date":"2018-09-03T21:46:05","date_gmt":"2018-09-03T21:46:05","guid":{"rendered":"https:\/\/www.globalforumlac.org\/?page_id=2"},"modified":"2021-08-11T02:20:04","modified_gmt":"2021-08-11T02:20:04","slug":"sobre-la-iniciativa","status":"publish","type":"page","link":"https:\/\/www.globalforumlac.org\/2021\/sobre-la-iniciativa\/","title":{"rendered":"Visi\u00f3n"},"content":{"rendered":"<p>El ritmo de la evoluci\u00f3n de la humanidad acarrea un conjunto de desaf\u00edos derivados de los constantes cambios que afrontan nuestras sociedades. En tal contexto, como centros de estudios, investigaciones y pensamientos, nos sentimos altamente comprometidos en incentivar la creaci\u00f3n de ideas y promover nuevas pr\u00e1cticas, que permitan que las sociedades de nuestra regi\u00f3n sean m\u00e1s inclusivas, con mayor acceso a la informaci\u00f3n y la generaci\u00f3n de conocimiento.<\/p>\n<p>El objetivo principal de esta iniciativa es promover un espacio de debate y ofrecer una plataforma pluralista para el intercambio de ideas, discusi\u00f3n y an\u00e1lisis del papel actual de Am\u00e9rica Latina y el Caribe en el escenario mundial, as\u00ed como sus implicaciones y desaf\u00edos.<\/p>\n<p>El proceso continuo de integraci\u00f3n en Am\u00e9rica Latina y el Caribe y el creciente papel de la regi\u00f3n como socio comercial, pol\u00edtico y estrat\u00e9gico en el actual orden mundial, son temas de especial relevancia para ser discutidos.<\/p>\n<p>Esta iniciativa pretende reunir a los principales centros de pensamiento dedicados al estudio de las din\u00e1micas de la regi\u00f3n, para dialogar y formular propuestas que coadyuven al desarrollo con equidad.<\/p>\n<p>El evento tendr\u00e1 lugar paralelamente al Per\u00edodo Anual de Sesi\u00f3n Ordinaria de la Asamblea General de las Naciones Unidas, en la ciudad de Nueva York, los d\u00edas 22, 23 y 24 de septiembre del 2021, y est\u00e1 dirigido a acad\u00e9micos y personalidades de las esferas pol\u00edticas, econ\u00f3micas y sociales de la regi\u00f3n.<\/p>","protected":false},"excerpt":{"rendered":"<p>El ritmo de la evoluci\u00f3n de la humanidad acarrea un conjunto de desaf\u00edos derivados de los constantes cambios que afrontan nuestras sociedades. En tal contexto, como centros de estudios, investigaciones y pensamientos, nos sentimos altamente comprometidos en incentivar la creaci\u00f3n de ideas y promover nuevas pr\u00e1cticas, que permitan que las sociedades de nuestra regi\u00f3n sean &hellip; <a href=\"https:\/\/www.globalforumlac.org\/2021\/sobre-la-iniciativa\/\" class=\"more-link\">Continuar leyendo<span class=\"screen-reader-text\"> \u00abVisi\u00f3n\u00bb<\/span><\/a><\/p>\n","protected":false},"author":1,"featured_media":0,"parent":0,"menu_order":0,"comment_status":"closed","ping_status":"open","template":"","meta":[],"_links":{"self":[{"href":"https:\/\/www.globalforumlac.org\/2021\/wp-json\/wp\/v2\/pages\/2"}],"collection":[{"href":"https:\/\/www.globalforumlac.org\/2021\/wp-json\/wp\/v2\/pages"}],"about":[{"href":"https:\/\/www.globalforumlac.org\/2021\/wp-json\/wp\/v2\/types\/page"}],"author":[{"embeddable":true,"href":"https:\/\/www.globalforumlac.org\/2021\/wp-json\/wp\/v2\/users\/1"}],"replies":[{"embeddable":true,"href":"https:\/\/www.globalforumlac.org\/2021\/wp-json\/wp\/v2\/comments?post=2"}],"version-history":[{"count":5,"href":"https:\/\/www.globalforumlac.org\/2021\/wp-json\/wp\/v2\/pages\/2\/revisions"}],"predecessor-version":[{"id":1041,"href":"https:\/\/www.globalforumlac.org\/2021\/wp-json\/wp\/v2\/pages\/2\/revisions\/1041"}],"wp:attachment":[{"href":"https:\/\/www.globalforumlac.org\/2021\/wp-json\/wp\/v2\/media?parent=2"}],"curies":[{"name":"wp","href":"https:\/\/api.w.org\/{rel}","templated":true}]}}