{"id":6,"date":"2018-09-03T22:34:32","date_gmt":"2018-09-03T22:34:32","guid":{"rendered":"https:\/\/www.globalforumlac.org\/?page_id=6"},"modified":"2021-09-20T20:14:32","modified_gmt":"2021-09-20T20:14:32","slug":"el-programa","status":"publish","type":"page","link":"https:\/\/www.globalforumlac.org\/2021\/el-programa\/","title":{"rendered":"El Programa"},"content":{"rendered":"<p><span class=\"dwl-program\"><i class=\"material-icons\" style=\"font-size: 15px; color: #deaf01;\">file_download<\/i> <a href=\"https:\/\/www.globalforumlac.org\/documents\/globalforumlac-programa-esp.pdf\" target=\"_blank\" rel=\"noopener noreferrer\">Descargar el programa<\/a><\/span><br \/>\n\t\t<div class=\"wcs-timetable__wrapper\">\r\n\t\t\t<div class=\"wcs-vue\" id=\"wcs-app-1\"><\/div>\r\n\t\t<\/div>\r\n\t\t<\/p>\n<p><strong>Directores acad\u00e9micos del Foro:<\/strong><br \/>\n<strong>Natasha Despotovic<\/strong>, Directora Ejecutiva, Global Foundation for Democracy and Development (GFDD)<br \/>\n<strong>Daniel Zovatto<\/strong>, Director Regional para Am\u00e9rica Latina y el Caribe, IDEA Internacional<\/p>\n<p>&nbsp;<\/p>\n<p><i>* El evento ser\u00e1 tanto en ingl\u00e9s como en espa\u00f1ol, con traducci\u00f3n simult\u00e1nea.<\/i><\/p>","protected":false},"excerpt":{"rendered":"<p>file_download Descargar el programa Directores acad\u00e9micos del Foro: Natasha Despotovic, Directora Ejecutiva, Global Foundation for Democracy and Development (GFDD) Daniel Zovatto, Director Regional para Am\u00e9rica Latina y el Caribe, IDEA Internacional &nbsp; * El evento ser\u00e1 tanto en ingl\u00e9s como en espa\u00f1ol, con traducci\u00f3n simult\u00e1nea.<\/p>\n","protected":false},"author":1,"featured_media":0,"parent":0,"menu_order":0,"comment_status":"closed","ping_status":"closed","template":"","meta":[],"_links":{"self":[{"href":"https:\/\/www.globalforumlac.org\/2021\/wp-json\/wp\/v2\/pages\/6"}],"collection":[{"href":"https:\/\/www.globalforumlac.org\/2021\/wp-json\/wp\/v2\/pages"}],"about":[{"href":"https:\/\/www.globalforumlac.org\/2021\/wp-json\/wp\/v2\/types\/page"}],"author":[{"embeddable":true,"href":"https:\/\/www.globalforumlac.org\/2021\/wp-json\/wp\/v2\/users\/1"}],"replies":[{"embeddable":true,"href":"https:\/\/www.globalforumlac.org\/2021\/wp-json\/wp\/v2\/comments?post=6"}],"version-history":[{"count":14,"href":"https:\/\/www.globalforumlac.org\/2021\/wp-json\/wp\/v2\/pages\/6\/revisions"}],"predecessor-version":[{"id":1109,"href":"https:\/\/www.globalforumlac.org\/2021\/wp-json\/wp\/v2\/pages\/6\/revisions\/1109"}],"wp:attachment":[{"href":"https:\/\/www.globalforumlac.org\/2021\/wp-json\/wp\/v2\/media?parent=6"}],"curies":[{"name":"wp","href":"https:\/\/api.w.org\/{rel}","templated":true}]}}